{"id":436,"date":"2025-01-13T23:07:15","date_gmt":"2025-01-13T23:07:15","guid":{"rendered":"https:\/\/spielbetrieb-ev.de\/?page_id=436"},"modified":"2025-02-26T22:11:44","modified_gmt":"2025-02-26T22:11:44","slug":"startseite","status":"publish","type":"page","link":"https:\/\/spielbetrieb-ev.de\/","title":{"rendered":"startseite"},"content":{"rendered":"\t\t<div data-elementor-type=\"wp-post\" data-elementor-id=\"436\" class=\"elementor elementor-436\" data-elementor-post-type=\"page\">\n\t\t\t\t<div class=\"elementor-element elementor-element-b77ef87 e-flex e-con-boxed e-con e-parent\" data-id=\"b77ef87\" data-element_type=\"container\" data-e-type=\"container\">\n\t\t\t\t\t<div class=\"e-con-inner\">\n\t\t\t\t<div class=\"elementor-element elementor-element-5d18dcd elementor-widget elementor-widget-spacer\" data-id=\"5d18dcd\" data-element_type=\"widget\" data-e-type=\"widget\" data-widget_type=\"spacer.default\">\n\t\t\t\t<div class=\"elementor-widget-container\">\n\t\t\t\t\t\t\t<div class=\"elementor-spacer\">\n\t\t\t<div class=\"elementor-spacer-inner\"><\/div>\n\t\t<\/div>\n\t\t\t\t\t\t<\/div>\n\t\t\t\t<\/div>\n\t\t\t\t<div class=\"elementor-element elementor-element-52e0ba4 elementor-widget elementor-widget-image\" data-id=\"52e0ba4\" data-element_type=\"widget\" data-e-type=\"widget\" data-widget_type=\"image.default\">\n\t\t\t\t<div class=\"elementor-widget-container\">\n\t\t\t\t\t\t\t\t\t\t\t\t\t\t\t<img fetchpriority=\"high\" decoding=\"async\" width=\"768\" height=\"100\" src=\"https:\/\/spielbetrieb-ev.de\/wp-content\/uploads\/2025\/02\/Design-ohne-Titel-2-768x100.png\" class=\"attachment-medium_large size-medium_large wp-image-600\" alt=\"\" srcset=\"https:\/\/spielbetrieb-ev.de\/wp-content\/uploads\/2025\/02\/Design-ohne-Titel-2-768x100.png 768w, https:\/\/spielbetrieb-ev.de\/wp-content\/uploads\/2025\/02\/Design-ohne-Titel-2-300x39.png 300w, https:\/\/spielbetrieb-ev.de\/wp-content\/uploads\/2025\/02\/Design-ohne-Titel-2-1024x133.png 1024w, https:\/\/spielbetrieb-ev.de\/wp-content\/uploads\/2025\/02\/Design-ohne-Titel-2-1536x200.png 1536w, https:\/\/spielbetrieb-ev.de\/wp-content\/uploads\/2025\/02\/Design-ohne-Titel-2-2048x267.png 2048w\" sizes=\"(max-width: 768px) 100vw, 768px\" \/>\t\t\t\t\t\t\t\t\t\t\t\t\t\t\t<\/div>\n\t\t\t\t<\/div>\n\t\t\t\t\t<\/div>\n\t\t\t\t<\/div>\n\t\t<div class=\"elementor-element elementor-element-67e6b46 e-con-full e-flex e-con e-parent\" data-id=\"67e6b46\" data-element_type=\"container\" data-e-type=\"container\" data-settings=\"{&quot;background_background&quot;:&quot;classic&quot;}\">\n\t\t\t\t<div class=\"elementor-element elementor-element-e276265 elementor-widget elementor-widget-spacer\" data-id=\"e276265\" data-element_type=\"widget\" data-e-type=\"widget\" data-widget_type=\"spacer.default\">\n\t\t\t\t<div class=\"elementor-widget-container\">\n\t\t\t\t\t\t\t<div class=\"elementor-spacer\">\n\t\t\t<div class=\"elementor-spacer-inner\"><\/div>\n\t\t<\/div>\n\t\t\t\t\t\t<\/div>\n\t\t\t\t<\/div>\n\t\t\t\t<div class=\"elementor-element elementor-element-e29780f elementor-widget__width-inherit animated-slow elementor-invisible elementor-widget elementor-widget-text-editor\" data-id=\"e29780f\" data-element_type=\"widget\" data-e-type=\"widget\" data-settings=\"{&quot;_animation&quot;:&quot;fadeIn&quot;}\" data-widget_type=\"text-editor.default\">\n\t\t\t\t<div class=\"elementor-widget-container\">\n\t\t\t\t\t\t\t\t\t<p>Der <b><i>Spielbetrieb<\/i><\/b> ist ein offener Raum, der alle Menschen einl\u00e4dt, Theater aktiv mitzugestalten. Durch partizipative Methoden entstehen St\u00fccke, die direkt aus den Tr\u00e4umen und Ideen der Gesellschaft wachsen. Unser Ziel ist ein Theater, das Teilhabe, Mitbestimmung und kreative Zusammenarbeit f\u00f6rdert \u2013 ein Ort, an dem aktuelle Themen reflektiert und Br\u00fccken zwischen sozialen Gruppen gebaut werden. Gemeinsam gestalten wir die kulturelle Landschaft von morgen!<\/p><pre>\u00a0<\/pre>\t\t\t\t\t\t\t\t<\/div>\n\t\t\t\t<\/div>\n\t\t\t\t<\/div>\n\t\t<div class=\"elementor-element elementor-element-5abcce9b e-flex e-con-boxed e-con e-parent\" data-id=\"5abcce9b\" data-element_type=\"container\" data-e-type=\"container\">\n\t\t\t\t\t<div class=\"e-con-inner\">\n\t\t\t\t<div class=\"elementor-element elementor-element-4f5b49ba elementor-widget-divider--view-line elementor-widget elementor-widget-divider\" data-id=\"4f5b49ba\" data-element_type=\"widget\" data-e-type=\"widget\" data-widget_type=\"divider.default\">\n\t\t\t\t<div class=\"elementor-widget-container\">\n\t\t\t\t\t\t\t<div class=\"elementor-divider\">\n\t\t\t<span class=\"elementor-divider-separator\">\n\t\t\t\t\t\t<\/span>\n\t\t<\/div>\n\t\t\t\t\t\t<\/div>\n\t\t\t\t<\/div>\n\t\t\t\t\t<\/div>\n\t\t\t\t<\/div>\n\t\t<div class=\"elementor-element elementor-element-2371ad61 e-flex e-con-boxed e-con e-parent\" data-id=\"2371ad61\" data-element_type=\"container\" data-e-type=\"container\">\n\t\t\t\t\t<div class=\"e-con-inner\">\n\t\t<div class=\"elementor-element elementor-element-744f2c46 e-con-full e-flex e-con e-child\" data-id=\"744f2c46\" data-element_type=\"container\" data-e-type=\"container\">\n\t\t\t\t<div class=\"elementor-element elementor-element-707e2966 elementor-widget elementor-widget-theme-site-logo elementor-widget-image\" data-id=\"707e2966\" data-element_type=\"widget\" data-e-type=\"widget\" data-widget_type=\"theme-site-logo.default\">\n\t\t\t\t<div class=\"elementor-widget-container\">\n\t\t\t\t\t\t\t\t\t\t\t<a href=\"https:\/\/spielbetrieb-ev.de\">\n\t\t\t<img decoding=\"async\" width=\"2396\" height=\"312\" src=\"https:\/\/spielbetrieb-ev.de\/wp-content\/uploads\/2025\/02\/Design-ohne-Titel-2.png\" class=\"attachment-full size-full wp-image-600\" alt=\"\" srcset=\"https:\/\/spielbetrieb-ev.de\/wp-content\/uploads\/2025\/02\/Design-ohne-Titel-2.png 2396w, https:\/\/spielbetrieb-ev.de\/wp-content\/uploads\/2025\/02\/Design-ohne-Titel-2-300x39.png 300w, https:\/\/spielbetrieb-ev.de\/wp-content\/uploads\/2025\/02\/Design-ohne-Titel-2-1024x133.png 1024w, https:\/\/spielbetrieb-ev.de\/wp-content\/uploads\/2025\/02\/Design-ohne-Titel-2-768x100.png 768w, https:\/\/spielbetrieb-ev.de\/wp-content\/uploads\/2025\/02\/Design-ohne-Titel-2-1536x200.png 1536w, https:\/\/spielbetrieb-ev.de\/wp-content\/uploads\/2025\/02\/Design-ohne-Titel-2-2048x267.png 2048w\" sizes=\"(max-width: 2396px) 100vw, 2396px\" \/>\t\t\t\t<\/a>\n\t\t\t\t\t\t\t\t\t\t\t<\/div>\n\t\t\t\t<\/div>\n\t\t\t\t<div class=\"elementor-element elementor-element-581bf317 elementor-widget elementor-widget-text-editor\" data-id=\"581bf317\" data-element_type=\"widget\" data-e-type=\"widget\" data-widget_type=\"text-editor.default\">\n\t\t\t\t<div class=\"elementor-widget-container\">\n\t\t\t\t\t\t\t\t\t<p>Neil-Armstrong-Stra\u00dfe 1A<\/p><p>63457 Hanau<\/p><p>Registergericht: VR32611 Amtsgericht Hanau<\/p><p><a href=\"https:\/\/spielbetrieb-ev.de\/?page_id=538\">Impressum<\/a><\/p>\t\t\t\t\t\t\t\t<\/div>\n\t\t\t\t<\/div>\n\t\t\t\t<\/div>\n\t\t<div class=\"elementor-element elementor-element-36d5e221 e-con-full e-flex e-con e-child\" data-id=\"36d5e221\" data-element_type=\"container\" data-e-type=\"container\">\n\t\t\t\t<\/div>\n\t\t<div class=\"elementor-element elementor-element-5cad80a5 e-con-full e-flex e-con e-child\" data-id=\"5cad80a5\" data-element_type=\"container\" data-e-type=\"container\">\n\t\t\t\t<div class=\"elementor-element elementor-element-5a569958 elementor-view-default elementor-widget elementor-widget-icon\" data-id=\"5a569958\" data-element_type=\"widget\" data-e-type=\"widget\" data-widget_type=\"icon.default\">\n\t\t\t\t<div class=\"elementor-widget-container\">\n\t\t\t\t\t\t\t<div class=\"elementor-icon-wrapper\">\n\t\t\t<a class=\"elementor-icon\" href=\"https:\/\/www.instagram.com\/spiel.betrieb\/\">\n\t\t\t<svg aria-hidden=\"true\" class=\"e-font-icon-svg e-fab-instagram\" viewBox=\"0 0 448 512\" xmlns=\"http:\/\/www.w3.org\/2000\/svg\"><path d=\"M224.1 141c-63.6 0-114.9 51.3-114.9 114.9s51.3 114.9 114.9 114.9S339 319.5 339 255.9 287.7 141 224.1 141zm0 189.6c-41.1 0-74.7-33.5-74.7-74.7s33.5-74.7 74.7-74.7 74.7 33.5 74.7 74.7-33.6 74.7-74.7 74.7zm146.4-194.3c0 14.9-12 26.8-26.8 26.8-14.9 0-26.8-12-26.8-26.8s12-26.8 26.8-26.8 26.8 12 26.8 26.8zm76.1 27.2c-1.7-35.9-9.9-67.7-36.2-93.9-26.2-26.2-58-34.4-93.9-36.2-37-2.1-147.9-2.1-184.9 0-35.8 1.7-67.6 9.9-93.9 36.1s-34.4 58-36.2 93.9c-2.1 37-2.1 147.9 0 184.9 1.7 35.9 9.9 67.7 36.2 93.9s58 34.4 93.9 36.2c37 2.1 147.9 2.1 184.9 0 35.9-1.7 67.7-9.9 93.9-36.2 26.2-26.2 34.4-58 36.2-93.9 2.1-37 2.1-147.8 0-184.8zM398.8 388c-7.8 19.6-22.9 34.7-42.6 42.6-29.5 11.7-99.5 9-132.1 9s-102.7 2.6-132.1-9c-19.6-7.8-34.7-22.9-42.6-42.6-11.7-29.5-9-99.5-9-132.1s-2.6-102.7 9-132.1c7.8-19.6 22.9-34.7 42.6-42.6 29.5-11.7 99.5-9 132.1-9s102.7-2.6 132.1 9c19.6 7.8 34.7 22.9 42.6 42.6 11.7 29.5 9 99.5 9 132.1s2.7 102.7-9 132.1z\"><\/path><\/svg>\t\t\t<\/a>\n\t\t<\/div>\n\t\t\t\t\t\t<\/div>\n\t\t\t\t<\/div>\n\t\t\t\t<\/div>\n\t\t<div class=\"elementor-element elementor-element-4184bd23 e-con-full e-flex e-con e-child\" data-id=\"4184bd23\" data-element_type=\"container\" data-e-type=\"container\">\n\t\t\t\t<div class=\"elementor-element elementor-element-3ed14d8e elementor-view-default elementor-widget elementor-widget-icon\" data-id=\"3ed14d8e\" data-element_type=\"widget\" data-e-type=\"widget\" data-widget_type=\"icon.default\">\n\t\t\t\t<div class=\"elementor-widget-container\">\n\t\t\t\t\t\t\t<div class=\"elementor-icon-wrapper\">\n\t\t\t<a class=\"elementor-icon\" href=\"https:\/\/spielbetrieb-ev.de\/?page_id=510\">\n\t\t\t<svg aria-hidden=\"true\" class=\"e-font-icon-svg e-far-envelope\" viewBox=\"0 0 512 512\" xmlns=\"http:\/\/www.w3.org\/2000\/svg\"><path d=\"M464 64H48C21.49 64 0 85.49 0 112v288c0 26.51 21.49 48 48 48h416c26.51 0 48-21.49 48-48V112c0-26.51-21.49-48-48-48zm0 48v40.805c-22.422 18.259-58.168 46.651-134.587 106.49-16.841 13.247-50.201 45.072-73.413 44.701-23.208.375-56.579-31.459-73.413-44.701C106.18 199.465 70.425 171.067 48 152.805V112h416zM48 400V214.398c22.914 18.251 55.409 43.862 104.938 82.646 21.857 17.205 60.134 55.186 103.062 54.955 42.717.231 80.509-37.199 103.053-54.947 49.528-38.783 82.032-64.401 104.947-82.653V400H48z\"><\/path><\/svg>\t\t\t<\/a>\n\t\t<\/div>\n\t\t\t\t\t\t<\/div>\n\t\t\t\t<\/div>\n\t\t\t\t<\/div>\n\t\t\t\t\t<\/div>\n\t\t\t\t<\/div>\n\t\t\t\t<\/div>\n\t\t","protected":false},"excerpt":{"rendered":"<p>Der Spielbetrieb ist ein offener Raum, der alle Menschen einl\u00e4dt, Theater aktiv mitzugestalten. Durch partizipative Methoden entstehen St\u00fccke, die direkt aus den Tr\u00e4umen und Ideen der Gesellschaft wachsen. Unser Ziel ist ein Theater, das Teilhabe, Mitbestimmung und kreative Zusammenarbeit f\u00f6rdert \u2013 ein Ort, an dem aktuelle Themen reflektiert und Br\u00fccken zwischen sozialen Gruppen gebaut werden. [&hellip;]<\/p>\n","protected":false},"author":1,"featured_media":0,"parent":0,"menu_order":0,"comment_status":"closed","ping_status":"closed","template":"","meta":{"om_disable_all_campaigns":false,"_monsterinsights_skip_tracking":false,"_monsterinsights_sitenote_active":false,"_monsterinsights_sitenote_note":"","_monsterinsights_sitenote_category":0,"footnotes":""},"class_list":["post-436","page","type-page","status-publish","hentry"],"aioseo_notices":[],"jetpack_sharing_enabled":true,"_links":{"self":[{"href":"https:\/\/spielbetrieb-ev.de\/index.php?rest_route=\/wp\/v2\/pages\/436","targetHints":{"allow":["GET"]}}],"collection":[{"href":"https:\/\/spielbetrieb-ev.de\/index.php?rest_route=\/wp\/v2\/pages"}],"about":[{"href":"https:\/\/spielbetrieb-ev.de\/index.php?rest_route=\/wp\/v2\/types\/page"}],"author":[{"embeddable":true,"href":"https:\/\/spielbetrieb-ev.de\/index.php?rest_route=\/wp\/v2\/users\/1"}],"replies":[{"embeddable":true,"href":"https:\/\/spielbetrieb-ev.de\/index.php?rest_route=%2Fwp%2Fv2%2Fcomments&post=436"}],"version-history":[{"count":41,"href":"https:\/\/spielbetrieb-ev.de\/index.php?rest_route=\/wp\/v2\/pages\/436\/revisions"}],"predecessor-version":[{"id":688,"href":"https:\/\/spielbetrieb-ev.de\/index.php?rest_route=\/wp\/v2\/pages\/436\/revisions\/688"}],"wp:attachment":[{"href":"https:\/\/spielbetrieb-ev.de\/index.php?rest_route=%2Fwp%2Fv2%2Fmedia&parent=436"}],"curies":[{"name":"wp","href":"https:\/\/api.w.org\/{rel}","templated":true}]}}